{"id":373,"date":"2021-05-07T17:45:02","date_gmt":"2021-05-07T17:45:02","guid":{"rendered":"https:\/\/preview.treethemes.com\/hazel\/demo1clean\/?page_id=373"},"modified":"2025-01-01T20:05:45","modified_gmt":"2025-01-01T19:05:45","slug":"about-version-1","status":"publish","type":"page","link":"https:\/\/humana-optima.com\/?page_id=373","title":{"rendered":"Functional patterns"},"content":{"rendered":"<section class=\"wpb-content-wrapper\"><p>[vc_row bg_type=&#8221;bg_color&#8221; bg_override=&#8221;ex-full&#8221; css=&#8221;.vc_custom_1482265571400{padding-top: 40px !important;padding-bottom: 80px !important;}&#8221; bg_color_value=&#8221;#f9f9f9&#8243;][vc_column]<div class=\"ult-animation  ult-animate-viewport  ult-no-mobile \" data-animate=\"fadeIn\" data-animation-delay=\"0\" data-animation-duration=\"3\" data-animation-iteration=\"1\" style=\"opacity:0;\" data-opacity_start_effect=\"\"><div class=\"ult-spacer spacer-69ecc55a3f978\" data-id=\"69ecc55a3f978\" data-height=\"40\" data-height-mobile=\"40\" data-height-tab=\"40\" data-height-tab-portrait=\"\" data-height-mobile-landscape=\"\" style=\"clear:both;display:block;\"><\/div>[vc_custom_heading text=&#8221;Functional Patterns&#8221; font_container=&#8221;tag:h2|font_size:40px|text_align:center&#8221; use_theme_fonts=&#8221;yes&#8221;][vc_empty_space height=&#8221;15px&#8221;][vc_row_inner][vc_column_inner width=&#8221;1\/6&#8243;][\/vc_column_inner][vc_column_inner width=&#8221;2\/3&#8243;][vc_column_text]<\/p>\n<h5 style=\"text-align: center;\">\u010clovek sa stret\u00e1va s r\u00f4znymi traumami, ktor\u00e9 ovplyv\u0148uj\u00fa jeho genetick\u00fa \u0161trukt\u00faru a neurol\u00f3giu. \u010ci u\u017e ide o tox\u00edny z prostredia, intenz\u00edvne ak\u00fatne emocion\u00e1lne a fyzick\u00e9 traumy, alebo o pomal\u00fa degener\u00e1ciu v d\u00f4sledku v\u00fdraznej odch\u00fdlky od stimulov, ktor\u00e9 n\u00e1\u0161mu telu skuto\u010dne pom\u00e1haj\u00fa sta\u0165 sa zdrav\u00fdm.<\/h5>\n<p style=\"text-align: center;\">Vo Functional Patterns sa zameriavame na najodolnej\u0161\u00edch a najatletickej\u0161\u00edch \u013eud\u00ed v hist\u00f3rii, aby n\u00e1m uk\u00e1zali, kde by v\u00e4\u010d\u0161ina z n\u00e1s mala by\u0165 z h\u013eadiska zdravia. Medzi tak\u00e9to osobnosti patria napr\u00edklad Barry Sanders, LeBron James, Usain Bolt a mnoh\u00ed \u010fal\u0161\u00ed. T\u00edto \u0161portovci s\u00fa preva\u017ene t\u00ed, ktor\u00ed pre\u017eili traumy, ktor\u00e9 ovplyv\u0148uj\u00fa v\u00e4\u010d\u0161inu na\u0161ej spolo\u010dnosti. Vyu\u017eit\u00edm ich ako referen\u010dn\u00e9ho bodu, aj ke\u010f nie ako kone\u010dn\u00e9ho cie\u013ea, sa Functional Patterns stala met\u00f3dou zameranou na zlep\u0161enie \u013eudskej v\u00fdkonnosti na viacer\u00fdch \u00farovniach \u2013 \u010di u\u017e ide o atletiku, chudnutie, budovanie svalov, rie\u0161enie bolesti bedier \u010di kolien, zlep\u0161enie neurodegenerat\u00edvnych por\u00fach a \u010fal\u0161ie.<\/p>\n<p>Jedna vec, ktorou sme u\u017e teraz zn\u00e1mi v tomto priemysle, je neust\u00e1ly \u00faspech s klientmi. Pom\u00e1hame r\u00f4znym typom \u013eud\u00ed s rozmanit\u00fdmi probl\u00e9mami, ktor\u00e9 in\u00e9 cvi\u010debn\u00e9 met\u00f3dy alebo rehabilit\u00e1cie s\u00edce rie\u0161ili, ale v skuto\u010dnosti nedosahovali tak\u00e9 v\u00fdsledky v oblasti fitness a rehabilit\u00e1cie ako Functional Patterns. Cvi\u010denia, ktor\u00e9 pou\u017e\u00edvame, funguj\u00fa pre v\u00e4\u010d\u0161inu \u013eud\u00ed \u2013 od star\u0161\u00edch jedincov s boles\u0165ami a\u017e po vysoko v\u00fdkonn\u00fdch \u0161portovcov.<\/p>\n<p style=\"text-align: center;\">Cie\u013eom FP je pozera\u0165 sa na realitu podobne ako in\u017einier. H\u013ead\u00e1me porozumenie v konkr\u00e9tnych veciach, ktor\u00e9 n\u00e1s obklopuj\u00fa. Tento in\u017einiersky sp\u00f4sob myslenia potom aplikujeme na \u013eudsk\u00e9 telo prec\u00edznym zapojen\u00edm svalov tak, aby sa dosiahla v\u00e4\u010d\u0161ia efektivita pohybu a men\u0161ia nadbyto\u010dn\u00e1 n\u00e1maha. Na z\u00e1klade tohto referen\u010dn\u00e9ho r\u00e1mca sme dospeli k z\u00e1veru, \u017ee v\u00e4\u010d\u0161ina \u013eudsk\u00e9ho pohybu sa odohr\u00e1va v kontexte tzv. \u201eve\u013ekej FP4\u201c, \u010do zah\u0155\u0148a st\u00e1tie, ch\u00f4dzu, beh a h\u00e1dzanie.<\/p>\n<p style=\"text-align: center;\">To v\u0161ak neznamen\u00e1, \u017ee \u013eudia vykon\u00e1vaj\u00fa len tieto pohyby. V\u0161etky ostatn\u00e9 pohyby v\u0161ak vych\u00e1dzaj\u00fa pr\u00e1ve z t\u00fdchto z\u00e1kladn\u00fdch pohybov\u00fdch vzorcov. Ak sa zameriame na tieto prim\u00e1rne vzorce \u2013 st\u00e1tie, ch\u00f4dza, beh a h\u00e1dzanie \u2013 z\u00edskame slobodu v obrovskej variabilite pohybu. Pr\u00e1ve toto umo\u017e\u0148uje Functional Patterns by\u0165 samostatn\u00fdm syst\u00e9mom.<\/p>\n<p style=\"text-align: center;\">Functional Patterns zah\u0155\u0148a protokol, ktor\u00fd presahuje r\u00e1mec toho, \u010do rob\u00edte v telocvi\u010dni. \u201eFunctional Patterns\u201c znamenaj\u00fa nielen funk\u010dn\u00e9 pohybov\u00e9 vzorce, ale aj funk\u010dn\u00e9 vzorce spr\u00e1vania, ktor\u00e9 s\u00fa v s\u00falade s fyzikou a pr\u00edrodn\u00fdmi z\u00e1konmi, ako napr\u00edklad tr\u00e1venie \u010dasu v pr\u00edrode, uzemnenie (grounding), vystavovanie sa prirodzen\u00e9mu svetlu (slnku), zni\u017eovanie stresu, sp\u00e1nkov\u00e1 hygiena a mnoho \u010fal\u0161ieho.<\/p>\n<p style=\"text-align: center;\">Ako by sa dal Functional Patterns op\u00edsa\u0165 v kr\u00e1tkosti? Functional Patterns je fyzika aplikovan\u00e1 na \u013eudsk\u00e9 telo, zameran\u00e1 na budovanie kompetencie v najz\u00e1kladnej\u0161\u00edch pohybov\u00fdch vzorcoch \u2013 st\u00e1tie, ch\u00f4dza, beh a h\u00e1dzanie \u2013 s cie\u013eom z\u00edska\u0165 \u010do najpraktickej\u0161iu variabilitu pohybu. V\u00fdsledkom je nielen korekcia dr\u017eania tela a zmiernenie bolesti, ale aj zv\u00fd\u0161enie atletickosti, \u00fabytok telesnej hmotnosti a n\u00e1rast svalovej hmoty.<\/p>\n<p>[\/vc_column_text][\/vc_column_inner][vc_column_inner width=&#8221;1\/6&#8243;][\/vc_column_inner][\/vc_row_inner][vc_empty_space height=&#8221;30px&#8221;][vc_empty_space][vc_btn title=&#8221;Functional Patterns&#8221; style=&#8221;outline-custom&#8221; outline_custom_color=&#8221;#333333&#8243; outline_custom_hover_background=&#8221;#333333&#8243; outline_custom_hover_text=&#8221;#ffffff&#8221; shape=&#8221;square&#8221; size=&#8221;sm&#8221; align=&#8221;center&#8221; link=&#8221;url:http%3A%2F%2Fwww.functionalpatterns.com&#8221;]<\/div>[\/vc_column][\/vc_row][vc_row bg_type=&#8221;image&#8221; parallax_style=&#8221;vcpb-vz-jquery&#8221; bg_image_new=&#8221;id^1456|url^http:\/\/humana-optima.com\/wp-content\/uploads\/2023\/02\/49669459_2393645940708989_7372857984071761920_n.jpg|caption^null|alt^null|title^49669459_2393645940708989_7372857984071761920_n|description^null&#8221; bg_override=&#8221;ex-full&#8221; enable_overlay=&#8221;enable_overlay_value&#8221; overlay_color=&#8221;rgba(0,0,0,0.75)&#8221; css=&#8221;.vc_custom_1675751286435{padding-top: 140px !important;padding-bottom: 120px !important;}&#8221;][vc_column]<div id=\"ult-carousel-194426708469ecc55a3fac3\" class=\"ult-carousel-wrapper   ult_horizontal\" data-gutter=\"15\" data-rtl=\"false\" ><div class=\"ult-carousel-379065575069ecc55a3f9ac \" >[vc_video link=&#8221;https:\/\/www.youtube.com\/watch?v=eIP4crVVGu0&#8243; el_width=&#8221;60&#8243; align=&#8221;center&#8221;][vc_video link=&#8221;https:\/\/youtu.be\/-MIweO9f23A&#8221; el_width=&#8221;60&#8243; align=&#8221;center&#8221;][vc_video link=&#8221;https:\/\/youtu.be\/sNRStVnfsHw&#8221; el_width=&#8221;60&#8243; align=&#8221;center&#8221;]<\/div><\/div>\t\t\t<script type=\"text\/javascript\">\r\n\t\t\t\tjQuery(document).ready(function ($) {\r\n\t\t\t\t\tif( typeof jQuery('.ult-carousel-379065575069ecc55a3f9ac').slick == \"function\"){\r\n\t\t\t\t\t\t$('.ult-carousel-379065575069ecc55a3f9ac').slick({dots: true,autoplay: true,autoplaySpeed: 5000,speed: 300,infinite: true,arrows: true,nextArrow: '<button type=\"button\" role=\"button\" aria-label=\"Next\" style=\"color:#333333; font-size:20px;\" class=\"slick-next default\"><i class=\"ultsl-arrow-right4\"><\/i><\/button>',prevArrow: '<button type=\"button\" role=\"button\" aria-label=\"Previous\" style=\"color:#333333; font-size:20px;\" class=\"slick-prev default\"><i class=\"ultsl-arrow-left4\"><\/i><\/button>',slidesToScroll:1,slidesToShow:1,swipe: true,draggable: true,touchMove: true,pauseOnHover: true,pauseOnFocus: false,responsive: [\r\n\t\t\t\t\t\t\t{\r\n\t\t\t\t\t\t\t  breakpoint: 1026,\r\n\t\t\t\t\t\t\t  settings: {\r\n\t\t\t\t\t\t\t\tslidesToShow: 1,\r\n\t\t\t\t\t\t\t\tslidesToScroll: 1,  \r\n\t\t\t\t\t\t\t  }\r\n\t\t\t\t\t\t\t},\r\n\t\t\t\t\t\t\t{\r\n\t\t\t\t\t\t\t  breakpoint: 1025,\r\n\t\t\t\t\t\t\t  settings: {\r\n\t\t\t\t\t\t\t\tslidesToShow: 1,\r\n\t\t\t\t\t\t\t\tslidesToScroll: 1\r\n\t\t\t\t\t\t\t  }\r\n\t\t\t\t\t\t\t},\r\n\t\t\t\t\t\t\t{\r\n\t\t\t\t\t\t\t  breakpoint: 760,\r\n\t\t\t\t\t\t\t  settings: {\r\n\t\t\t\t\t\t\t\tslidesToShow: 1,\r\n\t\t\t\t\t\t\t\tslidesToScroll: 1\r\n\t\t\t\t\t\t\t  }\r\n\t\t\t\t\t\t\t}\r\n\t\t\t\t\t\t],pauseOnDotsHover: true,customPaging: function(slider, i) {\r\n                   return '<i type=\"button\" style= \"color:#333333;\" class=\"ultsl-record\" data-role=\"none\"><\/i>';\r\n                },});\r\n\t\t\t\t\t}\r\n\t\t\t\t});\r\n\t\t\t<\/script>\r\n\t\t\t[\/vc_column][\/vc_row][vc_row css=&#8221;.vc_custom_1482000484264{margin-top: 100px !important;margin-bottom: 80px !important;}&#8221;][vc_column][vc_custom_heading text=&#8221;SP\u00c4TN\u00c1 V\u00c4ZBA KLIENTOV&#8221; font_container=&#8221;tag:h3|text_align:center&#8221; use_theme_fonts=&#8221;yes&#8221;][vc_empty_space height=&#8221;60px&#8221;]<div id=\"testimonials-container-1\" class=\"container testimonials style1 testimonials-align-center\"><div class=\"testimonial-box\"><ul class=\"testimonial-nav\"><li><a href=\"#testimonial-1\"  class=\"active\" ><img decoding=\"async\" alt=\"Testimonial #05\" src=\"https:\/\/humana-optima.com\/wp-content\/uploads\/2023\/03\/201225606_10226064611462893_2007945538961484473_n-80x80.jpg\" \/><div class=\"cover-test-img\"><\/div><\/a><\/li><li><a href=\"#testimonial-2\" ><img decoding=\"async\" alt=\"Testimonial #03\" src=\"https:\/\/humana-optima.com\/wp-content\/uploads\/2023\/03\/320544339_709383207169757_5050577713446207111_n-80x80.jpg\" \/><div class=\"cover-test-img\"><\/div><\/a><\/li><li><a href=\"#testimonial-3\" ><img decoding=\"async\" alt=\"Testimonial #02\" src=\"https:\/\/humana-optima.com\/wp-content\/uploads\/2023\/03\/334833959_563125645806929_428720615572188295_n-80x80.jpg\" \/><div class=\"cover-test-img\"><\/div><\/a><\/li><\/ul><div class=\"testimonials-content\"><div class=\"testimonial active\" id=\"testimonial-1\"><p style=\"text-align: center\">Functional Patterns je hlavne pre m\u0148a \u010das pre seba, a je to oddych, je to \u00fa\u013eava, jednak \u00fa\u013eava po takej psychickej str\u00e1nke, \u017ee sa zameriavam tu dan\u00fa chv\u00ed\u013eu na \u00faplne nie\u010do in\u00e9 ne\u017e\u00a0 \u0161tandardne,\u010di\u017ee t\u00e1 hlava si dok\u00e1\u017ee odd\u00fdchnu\u0165 z t\u00fdch ka\u017edodenn\u00fdch povinnost\u00ed. Jednak tie benefity, ktor\u00e9 to prin\u00e1\u0161a s\u00fa obrovsk\u00e9, tie probl\u00e9my ktor\u00e9 fyzicky som mala, tlak na hrudn\u00edku, tlak na chrbtici, bolesti ramena tak\u00e9 \u017ee spa\u0165 som nevedela... \u010dlovek uvedom\u00ed \u017ee to za to stoj\u00ed... t\u00e1 hodinka dve t\u00fd\u017edenne s\u00fa skvel\u00fdm nabuden\u00edm do \u010fal\u0161ieho \u017eivota, \u010fal\u0161ieho d\u0148a, \u010fal\u0161ieho t\u00fd\u017ed\u0148a<\/p><span class=\"t-author-style1\">Dada F.<\/span><\/div><div class=\"testimonial\" id=\"testimonial-2\"><p style=\"text-align: center\">S FP som za\u010dala s rezervovan\u00fdmi pocitmi, \u010di mi naozaj dok\u00e1\u017ee pom\u00f4c\u0165. Moje telo je po viacer\u00fdch zlomenin\u00e1m, \u00farazoch a oper\u00e1ciach a u\u017e viac ako tri roky ma tr\u00e1pia dennodenn\u00e9 bolesti. Dva roky som cvi\u010dila klasick\u00e9 fitness a myslela som si, \u017ee pom\u00e1ham svojmu telu pohybom. A\u017e na FP tr\u00e9ningoch som zistila, \u017ee som svojmu telu e\u0161te viac ubli\u017eovala. Okrem tohto zistenia mi FP pomaly pom\u00e1ha zbavova\u0165 sa bolest\u00ed. Po pol roku cvi\u010denia poci\u0165ujem bolesti len pri ve\u013ekej n\u00e1mahe a aj to si mysl\u00edm, \u017ee pri pravidelnom cvi\u010den\u00ed zmizne.<\/p><span class=\"t-author-style1\">Al\u017ebeta K.<\/span><\/div><div class=\"testimonial\" id=\"testimonial-3\"><p style=\"text-align: center\">Na za\u010diatku som bol skepticky, ke\u010f\u017ee som o tom ni\u010d nepo\u010dul. Nako\u013eko ale probl\u00e9my s vysunutou platni\u010dkou nerie\u0161ili drah\u00e9 fyzioterapie, dal som \u0161ancu Victorovi a FP. C\u00edtil som sa lep\u0161ie u\u017e po prv\u00fdch tr\u00e9ningoch. Po dlh\u0161om \u010dase sa prejavili aj vidite\u013ene v\u00fdsledky, pribudli svaly, zlep\u0161ilo sa dr\u017eanie tela \u010do prispelo \u017ee sa pri pohybe c\u00edtim sebavedomo<\/p><span class=\"t-author-style1\">Adri\u00e1n P.<\/span><\/div><\/div><\/div><\/div>\n\t\t\t  <script type=\"text\/javascript\">\n\t\t\t  jQuery(document).ready(function(){\n\t\t\t\t\tvar who = jQuery('#testimonials-container-1');\n\t\t\t\t\twho.find('.testimonials-content').height( who.find('.testimonials-content .testimonial.active > p').height() + who.find('.testimonials-content .testimonial.active > span').height() +40 );\n\t\t\t\t\twho.find('.testimonial-nav a').on('click', function(e){\n\t\t\t\t\t\te.preventDefault();\n\t\t\t\t\t});\n\t\t\t\t\twho.find('.testimonial-nav a').on('mouseenter', function(){\n\t\t\t\t\t\twho.find('.testimonial-nav a').removeClass('active');\n\t\t\t\t\t\tjQuery(this).addClass('active');\n\t\t\t\t\t\twho.find('.testimonial.active').removeClass('active');\n\t\t\t\t\t\twho.find(jQuery(this).attr('href')).addClass('active');\n\t\t\t\t\t\twho.find('.testimonials-content').height( who.find('.testimonials-content .testimonial.active > p').height() + who.find('.testimonials-content .testimonial.active > span').height() +40 );\n\t\t\t\t\t});\n\t\t\t  });\n\t\t\t  <\/script>[vc_empty_space height=&#8221;30px&#8221;]\n\t\t\t<!-- START O FP REVOLUTION SLIDER 6.6.8 --><p class=\"rs-p-wp-fix\"><\/p>\n\t\t\t<rs-module-wrap id=\"rev_slider_9_1_wrapper\" data-source=\"gallery\" style=\"visibility:hidden;background:transparent;padding:0;margin:0px auto;margin-top:0;margin-bottom:0;\">\n\t\t\t\t<rs-module id=\"rev_slider_9_1\" style=\"\" data-version=\"6.6.8\">\n\t\t\t\t\t<rs-slides style=\"overflow: hidden; position: absolute;\">\n\t\t\t\t\t\t<rs-slide style=\"position: absolute;\" data-key=\"rs-15\" data-title=\"test\" data-in=\"o:0;\" data-out=\"a:false;\">\n\t\t\t\t\t\t\t<img decoding=\"async\" src=\"\/\/humana-optima.com\/wp-content\/plugins\/revslider\/public\/assets\/assets\/dummy.png\" alt=\"test\" title=\"Functional patterns\" class=\"rev-slidebg tp-rs-img rs-lazyload\" data-lazyload=\"\/\/humana-optima.com\/wp-content\/plugins\/revslider\/public\/assets\/assets\/transparent.png\" data-bg=\"c:#0c0c0c;\" data-no-retina>\n<!--\n\t\t\t\t\t\t\t--><rs-layer\n\t\t\t\t\t\t\t\tid=\"slider-9-slide-15-layer-1\" \n\t\t\t\t\t\t\t\tdata-type=\"shape\"\n\t\t\t\t\t\t\t\tdata-rsp_ch=\"on\"\n\t\t\t\t\t\t\t\tdata-text=\"w:normal;\"\n\t\t\t\t\t\t\t\tdata-dim=\"w:100%;h:100%;\"\n\t\t\t\t\t\t\t\tdata-actions='o:click;a:playslider;'\n\t\t\t\t\t\t\t\tdata-frame_1=\"sp:1000;\"\n\t\t\t\t\t\t\t\tdata-frame_999=\"o:0;st:w;sR:8000;\"\n\t\t\t\t\t\t\t\tstyle=\"z-index:8;background-color:rgba(0,0,0,0.5);\"\n\t\t\t\t\t\t\t> \n\t\t\t\t\t\t\t<\/rs-layer><!--\n\n\t\t\t\t\t\t\t--><rs-layer\n\t\t\t\t\t\t\t\tid=\"slider-9-slide-15-layer-2\" \n\t\t\t\t\t\t\t\tclass=\"rs-layer-video intrinsic-ignore\"\n\t\t\t\t\t\t\t\tdata-type=\"video\"\n\t\t\t\t\t\t\t\tdata-rsp_ch=\"on\"\n\t\t\t\t\t\t\t\tdata-xy=\"x:c;xo:6px;y:c;yo:42px;\"\n\t\t\t\t\t\t\t\tdata-text=\"w:normal;\"\n\t\t\t\t\t\t\t\tdata-dim=\"w:617px;h:1096px;\"\n\t\t\t\t\t\t\t\tdata-video=\"vfc:true;vd:100;l:false;ptimer:false;\"\n\t\t\t\t\t\t\t\tdata-poster=\"\/\/humana-optima.com\/wp-content\/uploads\/revslider\/video-media\/Snapinsta_15_layer.jpeg\"\n\t\t\t\t\t\t\t\tdata-mp4=\"\/\/humana-optima.com\/wp-content\/uploads\/2023\/02\/Snapinsta.app_10000000_172504535493679_7813777675777046025_n.mp4\"\n\t\t\t\t\t\t\t\tdata-frame_999=\"o:0;st:w;sR:8700;\"\n\t\t\t\t\t\t\t\tstyle=\"z-index:7;\"\n\t\t\t\t\t\t\t>\n\t\t\t\t\t\t\t<\/rs-layer><!--\n-->\t\t\t\t\t\t<\/rs-slide>\n\t\t\t\t\t<\/rs-slides>\n\t\t\t\t<\/rs-module>\n\t\t\t\t<script>\n\t\t\t\t\tsetREVStartSize({c: 'rev_slider_9_1',rl:[1240,1024,778,480],el:[900],gw:[1240],gh:[900],type:'hero',justify:'',layout:'fullwidth',mh:\"0\"});if (window.RS_MODULES!==undefined && window.RS_MODULES.modules!==undefined && window.RS_MODULES.modules[\"revslider91\"]!==undefined) {window.RS_MODULES.modules[\"revslider91\"].once = false;window.revapi9 = undefined;if (window.RS_MODULES.checkMinimal!==undefined) window.RS_MODULES.checkMinimal()}\n\t\t\t\t<\/script>\n\t\t\t<\/rs-module-wrap>\n\t\t\t<!-- END REVOLUTION SLIDER -->\n[\/vc_column][\/vc_row]<\/p>\n<\/section>","protected":false},"excerpt":{"rendered":"<p>[vc_row bg_type=&#8221;bg_color&#8221; bg_override=&#8221;ex-full&#8221; css=&#8221;.vc_custom_1482265571400{padding-top: 40px !important;padding-bottom: 80px !important;}&#8221; bg_color_value=&#8221;#f9f9f9&#8243;][vc_column][\/vc_column][\/vc_row][vc_row bg_type=&#8221;image&#8221; parallax_style=&#8221;vcpb-vz-jquery&#8221; bg_image_new=&#8221;id^1456|url^http:\/\/humana-optima.com\/wp-content\/uploads\/2023\/02\/49669459_2393645940708989_7372857984071761920_n.jpg|caption^null|alt^null|title^49669459_2393645940708989_7372857984071761920_n|description^null&#8221; bg_override=&#8221;ex-full&#8221; enable_overlay=&#8221;enable_overlay_value&#8221; overlay_color=&#8221;rgba(0,0,0,0.75)&#8221; css=&#8221;.vc_custom_1675751286435{padding-top: 140px !important;padding-bottom: 120px !important;}&#8221;][vc_column][\/vc_column][\/vc_row][vc_row css=&#8221;.vc_custom_1482000484264{margin-top: 100px !important;margin-bottom: 80px !important;}&#8221;][vc_column][vc_custom_heading text=&#8221;SP\u00c4TN\u00c1 V\u00c4ZBA KLIENTOV&#8221; font_container=&#8221;tag:h3|text_align:center&#8221; use_theme_fonts=&#8221;yes&#8221;][vc_empty_space height=&#8221;60px&#8221;][vc_empty_space height=&#8221;30px&#8221;][\/vc_column][\/vc_row]<\/p>\n","protected":false},"author":1,"featured_media":0,"parent":0,"menu_order":0,"comment_status":"closed","ping_status":"closed","template":"page.php","meta":{"_mi_skip_tracking":false,"_monsterinsights_sitenote_active":false,"_monsterinsights_sitenote_note":"","_monsterinsights_sitenote_category":0,"footnotes":""},"class_list":["post-373","page","type-page","status-publish","hentry"],"_links":{"self":[{"href":"https:\/\/humana-optima.com\/index.php?rest_route=\/wp\/v2\/pages\/373","targetHints":{"allow":["GET"]}}],"collection":[{"href":"https:\/\/humana-optima.com\/index.php?rest_route=\/wp\/v2\/pages"}],"about":[{"href":"https:\/\/humana-optima.com\/index.php?rest_route=\/wp\/v2\/types\/page"}],"author":[{"embeddable":true,"href":"https:\/\/humana-optima.com\/index.php?rest_route=\/wp\/v2\/users\/1"}],"replies":[{"embeddable":true,"href":"https:\/\/humana-optima.com\/index.php?rest_route=%2Fwp%2Fv2%2Fcomments&post=373"}],"version-history":[{"count":6,"href":"https:\/\/humana-optima.com\/index.php?rest_route=\/wp\/v2\/pages\/373\/revisions"}],"predecessor-version":[{"id":2134,"href":"https:\/\/humana-optima.com\/index.php?rest_route=\/wp\/v2\/pages\/373\/revisions\/2134"}],"wp:attachment":[{"href":"https:\/\/humana-optima.com\/index.php?rest_route=%2Fwp%2Fv2%2Fmedia&parent=373"}],"curies":[{"name":"wp","href":"https:\/\/api.w.org\/{rel}","templated":true}]}}