{"id":1617,"date":"2023-02-13T14:56:34","date_gmt":"2023-02-13T13:56:34","guid":{"rendered":"http:\/\/humana-optima.com\/?page_id=1617"},"modified":"2026-01-15T08:49:55","modified_gmt":"2026-01-15T07:49:55","slug":"osobne-treningy","status":"publish","type":"page","link":"https:\/\/humana-optima.com\/?page_id=1617","title":{"rendered":"Slu\u017eby"},"content":{"rendered":"<section class=\"wpb-content-wrapper\"><p>[vc_row video_bg=&#8221;yes&#8221; video_bg_url=&#8221;https:\/\/youtube.com\/shorts\/M8kYaqXyDPU?feature=share&#8221; css=&#8221;.vc_custom_1752732813475{padding-bottom: 100px !important;}&#8221;][vc_column][vc_hoverbox image=&#8221;2185&#8243; primary_title=&#8221;Individu\u00e1lny tr\u00e9ning&#8221; primary_title_font_container=&#8221;font_size:52|color:%23fcfcfc&#8221; primary_title_css_animation=&#8221;fadeIn&#8221; hover_title=&#8221;&#8221; hover_title_font_container=&#8221;font_size:36|color:%230f0f0f&#8221; hover_background_color=&#8221;white&#8221; css_animation=&#8221;zoomInDown&#8221; use_custom_fonts_primary_title=&#8221;true&#8221; use_custom_fonts_hover_title=&#8221;true&#8221;]Pred za\u010dat\u00edm individualn\u00e9ho tr\u00e9ningu je potrebn\u00e9 podst\u00fapi\u0165 <strong><em>vstupn\u00fa konzult\u00e1ciu <\/em><\/strong>a <strong><em>diagnostiku<\/em><\/strong>. To zah\u0155\u0148a <span style=\"text-decoration: underline;\"><em>fotodokument\u00e1ciu<\/em><\/span> dr\u017eania tela a <span style=\"text-decoration: underline;\"><em>videodokument\u00e1ciu<\/em><\/span> ch\u00f4dze a behu. N\u00e1sledne si klient prejde \u00favodn\u00fd tr\u00e9ning po\u010das ktor\u00e9ho sa mu vysvetl\u00ed proces. Cel\u00fd proces trv\u00e1 <em><span style=\"text-decoration: underline;\">90 min\u00fat<\/span><\/em>. Objedna\u0165 sa m\u00f4\u017eete telefonicky alebo emailom.<\/p>\n<p>Na \u00favodn\u00fa konzult\u00e1ciu a tr\u00e9ning si prineste veci na prezle\u010denie. Ide\u00e1lne \u0161ortky\/leg\u00edny, a u \u017eien, treba si donies\u0165 \u0161portov\u00fd vrch aby bol \u010do najviac vidno hol\u00fd chrb\u00e1t. Je to potrebn\u00e9 pre efekt\u00edvnos\u0165 diagn\u00f3zy post\u00fary.<\/p>\n<p>&nbsp;<\/p>\n<p><strong>Cena<\/strong>: <em>60 eur<\/em><\/p>\n<p>Cenn\u00edk na individu\u00e1lne tr\u00e9ningy a podmienky spolupr\u00e1ce sa preber\u00e1 osobne na konzult\u00e1ci\u00ed[\/vc_hoverbox][vc_empty_space][vc_empty_space][vc_hoverbox image=&#8221;2170&#8243; primary_title=&#8221;Skupinov\u00e9 tr\u00e9ningy&#8221; primary_title_font_container=&#8221;font_size:52|color:%23fcfcfc&#8221; primary_title_css_animation=&#8221;fadeIn&#8221; hover_title=&#8221;&#8221; hover_title_font_container=&#8221;font_size:36|color:%230f0f0f&#8221; hover_background_color=&#8221;white&#8221; css_animation=&#8221;zoomInDown&#8221; use_custom_fonts_primary_title=&#8221;true&#8221; use_custom_fonts_hover_title=&#8221;true&#8221;]<strong>Maxim\u00e1lny po\u010det<\/strong> os\u00f4b na skupinov\u00fd tr\u00e9ning je <strong>5 \u013eud\u00ed<\/strong>. Je to z d\u00f4vodu udr\u017eania kontroly kvality po\u010das tr\u00e9ningov. Aby ste sa mohli zapoji\u0165 do skupinov\u00fdch hod\u00edn, treba <em><span style=\"text-decoration: underline;\">podst\u00fapi\u0165 minim\u00e1lne 10 individu\u00e1lnych tr\u00e9ningov s FP tr\u00e9nerom.<\/span><\/em> Po\u010das 10 tr\u00e9ningov si prejdete zr\u00fdchlen\u00fdm procesom u\u010denia sa z\u00e1kladn\u00fdch pohybov\u00fdch vzorcov a pohybov ktor\u00e9 sa v skupinov\u00fdch tr\u00e9ningoch vyu\u017e\u00edva.<\/p>\n<p>Pre viac inform\u00e1ci\u00ed, kontaktujte telefonicky alebo mailom[\/vc_hoverbox][vc_empty_space][vc_empty_space][\/vc_column][\/vc_row]<\/p>\n<\/section>","protected":false},"excerpt":{"rendered":"<p>[vc_row video_bg=&#8221;yes&#8221; video_bg_url=&#8221;https:\/\/youtube.com\/shorts\/M8kYaqXyDPU?feature=share&#8221; css=&#8221;.vc_custom_1752732813475{padding-bottom: 100px !important;}&#8221;][vc_column][vc_hoverbox image=&#8221;2185&#8243; primary_title=&#8221;Individu\u00e1lny tr\u00e9ning&#8221; primary_title_font_container=&#8221;font_size:52|color:%23fcfcfc&#8221; primary_title_css_animation=&#8221;fadeIn&#8221; hover_title=&#8221;&#8221; hover_title_font_container=&#8221;font_size:36|color:%230f0f0f&#8221; hover_background_color=&#8221;white&#8221; css_animation=&#8221;zoomInDown&#8221; use_custom_fonts_primary_title=&#8221;true&#8221; use_custom_fonts_hover_title=&#8221;true&#8221;]Pred za\u010dat\u00edm individualn\u00e9ho tr\u00e9ningu je potrebn\u00e9 podst\u00fapi\u0165 vstupn\u00fa konzult\u00e1ciu a diagnostiku. To zah\u0155\u0148a fotodokument\u00e1ciu dr\u017eania tela a videodokument\u00e1ciu ch\u00f4dze a behu. N\u00e1sledne si klient prejde \u00favodn\u00fd tr\u00e9ning po\u010das ktor\u00e9ho sa mu vysvetl\u00ed proces. Cel\u00fd proces trv\u00e1 90 min\u00fat. Objedna\u0165 [&hellip;]<\/p>\n","protected":false},"author":1,"featured_media":0,"parent":0,"menu_order":0,"comment_status":"closed","ping_status":"closed","template":"page.php","meta":{"_mi_skip_tracking":false,"_monsterinsights_sitenote_active":false,"_monsterinsights_sitenote_note":"","_monsterinsights_sitenote_category":0,"footnotes":""},"class_list":["post-1617","page","type-page","status-publish","hentry"],"_links":{"self":[{"href":"https:\/\/humana-optima.com\/index.php?rest_route=\/wp\/v2\/pages\/1617","targetHints":{"allow":["GET"]}}],"collection":[{"href":"https:\/\/humana-optima.com\/index.php?rest_route=\/wp\/v2\/pages"}],"about":[{"href":"https:\/\/humana-optima.com\/index.php?rest_route=\/wp\/v2\/types\/page"}],"author":[{"embeddable":true,"href":"https:\/\/humana-optima.com\/index.php?rest_route=\/wp\/v2\/users\/1"}],"replies":[{"embeddable":true,"href":"https:\/\/humana-optima.com\/index.php?rest_route=%2Fwp%2Fv2%2Fcomments&post=1617"}],"version-history":[{"count":6,"href":"https:\/\/humana-optima.com\/index.php?rest_route=\/wp\/v2\/pages\/1617\/revisions"}],"predecessor-version":[{"id":2323,"href":"https:\/\/humana-optima.com\/index.php?rest_route=\/wp\/v2\/pages\/1617\/revisions\/2323"}],"wp:attachment":[{"href":"https:\/\/humana-optima.com\/index.php?rest_route=%2Fwp%2Fv2%2Fmedia&parent=1617"}],"curies":[{"name":"wp","href":"https:\/\/api.w.org\/{rel}","templated":true}]}}